{"id":1239,"date":"2020-01-28T15:23:53","date_gmt":"2020-01-28T15:23:53","guid":{"rendered":"https:\/\/theautomerch.com\/de\/payment-methods\/"},"modified":"2020-04-15T05:36:37","modified_gmt":"2020-04-15T05:36:37","slug":"payment-methods","status":"publish","type":"page","link":"https:\/\/theautomerch.com\/de\/payment-methods\/","title":{"rendered":"Zahlungsarten"},"content":{"rendered":"<p>Zu den Zahlungsmethoden geh\u00f6ren PayPal und Kreditkarten.<\/p>\n<p>PayPal ist ein sicherer und einfacher Weg, Geld online zu senden und zu empfangen. Wenn Sie PayPal als Zahlungsmethode ausw\u00e4hlen, werden Sie mit der PayPal-Seite verbunden, auf der Sie dann die Zahlung vornehmen k\u00f6nnen.<\/p>\n<p>Mit PayPal k\u00f6nnen Sie Artikel per Kreditkarte (Visa, MasterCard, Discover und American Express), Debitkarte oder E-Check (d. H. \u00fcber Ihr normales Bankkonto) erwerben.<\/p>\n<p>1) Nachdem Sie Ihre Artikel auf Ihrer Warenkorbseite angezeigt sehen, k\u00f6nnen Sie darauf klicken und mit PayPal bezahlen. Dann verlassen Sie unsere Webseite und die PayPal-Webseite wird aufgerufen.<br \/>\n2) Sie k\u00f6nnen sich bei Ihrem PayPal-Konto anmelden oder ein neues Konto erstellen, wenn Sie noch kein Konto haben.<br \/>\n3) Sie k\u00f6nnen PayPal jederzeit nach den Anweisungen auf dem Bildschirm verwenden.<\/p>\n<p>Normalerweise dauert der E-Check von PayPal 3-5 Werktage, um von PayPal best\u00e4tigt zu werden.<\/p>\n<p>Die Gr\u00fcnde, warum wir empfehlen, PayPal zu verwenden:<br \/>\nDie Bezahlung ist nachvollziehbar. Mit Ihrem PayPal-Konto k\u00f6nnen Sie den Status Ihrer Zahlung ermitteln.<br \/>\nWenn Sie f\u00fcr Ihre Bestellung eine Zahlung vornehmen, m\u00fcssen Sie Ihre Kreditkarte nicht online verwenden (Sie k\u00f6nnen direkt von Ihrem Bankkonto \u00fcberweisen). Wenn Sie Ihre Kreditkarte \u00fcber PayPal verwenden, wird niemand Ihre Kreditkartennummer sehen, wodurch das Risiko einer unberechtigten Verwendung minimiert wird.<\/p>\n<p>Das Gesch\u00e4ft akzeptiert m\u00f6glicherweise auch Kreditkarten f\u00fcr die Zahlung. Um Kreditkartenzahlungen zu akzeptieren, entspricht das Gesch\u00e4ft den von den gro\u00dfen Kreditkartenunternehmen (American Express, Discover, JCB, MasterCard und Visa) festgelegten Sicherheitsstandards der Branche, um die K\u00e4ufer vor Diebstahl von Karteninhaberinformationen zu sch\u00fctzen.<\/p>\n<p>Alle Kreditkarteninformationen werden auf ein Minimum beschr\u00e4nkt. Die Speicherung und Speicherung von Kreditkarteninformationen ist auf das beschr\u00e4nkt, was nur f\u00fcr den Gesch\u00e4ftsbetrieb erforderlich ist. Der Zugriff auf Kreditkarteninformationen ist streng auf diejenigen Mitarbeiter beschr\u00e4nkt, die berechtigt und geschult sind, diese f\u00fcr gesch\u00e4ftliche Zwecke zu verwenden.<\/p>\n","protected":false},"excerpt":{"rendered":"<p>Zu den Zahlungsmethoden geh\u00f6ren PayPal und Kreditkarten. PayPal ist ein sicherer und einfacher Weg, Geld online zu senden und zu empfangen. Wenn Sie PayPal als Zahlungsmethode ausw\u00e4hlen, werden Sie mit der PayPal-Seite verbunden, auf der Sie dann die Zahlung vornehmen k\u00f6nnen. Mit PayPal k\u00f6nnen Sie Artikel per Kreditkarte (Visa, MasterCard,&#8230;<\/p>\n","protected":false},"author":1,"featured_media":0,"parent":0,"menu_order":0,"comment_status":"closed","ping_status":"closed","template":"","meta":{"footnotes":""},"yoast_head":"<!-- This site is optimized with the Yoast SEO plugin v22.8 - https:\/\/yoast.com\/wordpress\/plugins\/seo\/ -->\n<title>Zahlungsarten - The Auto Merch Deutschland<\/title>\n<meta name=\"robots\" content=\"index, follow, max-snippet:-1, max-image-preview:large, max-video-preview:-1\" \/>\n<link rel=\"canonical\" href=\"https:\/\/theautomerch.com\/de\/payment-methods\/\" \/>\n<meta property=\"og:locale\" content=\"de_DE\" \/>\n<meta property=\"og:type\" content=\"article\" \/>\n<meta property=\"og:title\" content=\"Zahlungsarten - The Auto Merch Deutschland\" \/>\n<meta property=\"og:description\" content=\"Zu den Zahlungsmethoden geh\u00f6ren PayPal und Kreditkarten. PayPal ist ein sicherer und einfacher Weg, Geld online zu senden und zu empfangen. Wenn Sie PayPal als Zahlungsmethode ausw\u00e4hlen, werden Sie mit der PayPal-Seite verbunden, auf der Sie dann die Zahlung vornehmen k\u00f6nnen. Mit PayPal k\u00f6nnen Sie Artikel per Kreditkarte (Visa, MasterCard,...\" \/>\n<meta property=\"og:url\" content=\"https:\/\/theautomerch.com\/de\/payment-methods\/\" \/>\n<meta property=\"og:site_name\" content=\"The Auto Merch Deutschland\" \/>\n<meta property=\"article:modified_time\" content=\"2020-04-15T05:36:37+00:00\" \/>\n<meta name=\"twitter:card\" content=\"summary_large_image\" \/>\n<meta name=\"twitter:label1\" content=\"Gesch\u00e4tzte Lesezeit\" \/>\n\t<meta name=\"twitter:data1\" content=\"2\u00a0Minuten\" \/>\n<script type=\"application\/ld+json\" class=\"yoast-schema-graph\">{\"@context\":\"https:\/\/schema.org\",\"@graph\":[{\"@type\":\"WebPage\",\"@id\":\"https:\/\/theautomerch.com\/de\/payment-methods\/\",\"url\":\"https:\/\/theautomerch.com\/de\/payment-methods\/\",\"name\":\"Zahlungsarten - The Auto Merch Deutschland\",\"isPartOf\":{\"@id\":\"https:\/\/theautomerch.com\/de\/#website\"},\"datePublished\":\"2020-01-28T15:23:53+00:00\",\"dateModified\":\"2020-04-15T05:36:37+00:00\",\"breadcrumb\":{\"@id\":\"https:\/\/theautomerch.com\/de\/payment-methods\/#breadcrumb\"},\"inLanguage\":\"de\",\"potentialAction\":[{\"@type\":\"ReadAction\",\"target\":[\"https:\/\/theautomerch.com\/de\/payment-methods\/\"]}]},{\"@type\":\"BreadcrumbList\",\"@id\":\"https:\/\/theautomerch.com\/de\/payment-methods\/#breadcrumb\",\"itemListElement\":[{\"@type\":\"ListItem\",\"position\":1,\"name\":\"Startseite\",\"item\":\"https:\/\/theautomerch.com\/de\/\"},{\"@type\":\"ListItem\",\"position\":2,\"name\":\"Zahlungsarten\"}]},{\"@type\":\"WebSite\",\"@id\":\"https:\/\/theautomerch.com\/de\/#website\",\"url\":\"https:\/\/theautomerch.com\/de\/\",\"name\":\"The Auto Merch Deutschland\",\"description\":\"\",\"publisher\":{\"@id\":\"https:\/\/theautomerch.com\/de\/#organization\"},\"potentialAction\":[{\"@type\":\"SearchAction\",\"target\":{\"@type\":\"EntryPoint\",\"urlTemplate\":\"https:\/\/theautomerch.com\/de\/?s={search_term_string}\"},\"query-input\":\"required name=search_term_string\"}],\"inLanguage\":\"de\"},{\"@type\":\"Organization\",\"@id\":\"https:\/\/theautomerch.com\/de\/#organization\",\"name\":\"The Auto Merch Deutschland\",\"url\":\"https:\/\/theautomerch.com\/de\/\",\"logo\":{\"@type\":\"ImageObject\",\"inLanguage\":\"de\",\"@id\":\"https:\/\/theautomerch.com\/de\/#\/schema\/logo\/image\/\",\"url\":\"https:\/\/theautomerch.com\/de\/wp-content\/uploads\/2020\/05\/logo_deutschland.svg\",\"contentUrl\":\"https:\/\/theautomerch.com\/de\/wp-content\/uploads\/2020\/05\/logo_deutschland.svg\",\"width\":1,\"height\":1,\"caption\":\"The Auto Merch Deutschland\"},\"image\":{\"@id\":\"https:\/\/theautomerch.com\/de\/#\/schema\/logo\/image\/\"}}]}<\/script>\n<!-- \/ Yoast SEO plugin. -->","yoast_head_json":{"title":"Zahlungsarten - The Auto Merch Deutschland","robots":{"index":"index","follow":"follow","max-snippet":"max-snippet:-1","max-image-preview":"max-image-preview:large","max-video-preview":"max-video-preview:-1"},"canonical":"https:\/\/theautomerch.com\/de\/payment-methods\/","og_locale":"de_DE","og_type":"article","og_title":"Zahlungsarten - The Auto Merch Deutschland","og_description":"Zu den Zahlungsmethoden geh\u00f6ren PayPal und Kreditkarten. PayPal ist ein sicherer und einfacher Weg, Geld online zu senden und zu empfangen. Wenn Sie PayPal als Zahlungsmethode ausw\u00e4hlen, werden Sie mit der PayPal-Seite verbunden, auf der Sie dann die Zahlung vornehmen k\u00f6nnen. Mit PayPal k\u00f6nnen Sie Artikel per Kreditkarte (Visa, MasterCard,...","og_url":"https:\/\/theautomerch.com\/de\/payment-methods\/","og_site_name":"The Auto Merch Deutschland","article_modified_time":"2020-04-15T05:36:37+00:00","twitter_card":"summary_large_image","twitter_misc":{"Gesch\u00e4tzte Lesezeit":"2\u00a0Minuten"},"schema":{"@context":"https:\/\/schema.org","@graph":[{"@type":"WebPage","@id":"https:\/\/theautomerch.com\/de\/payment-methods\/","url":"https:\/\/theautomerch.com\/de\/payment-methods\/","name":"Zahlungsarten - The Auto Merch Deutschland","isPartOf":{"@id":"https:\/\/theautomerch.com\/de\/#website"},"datePublished":"2020-01-28T15:23:53+00:00","dateModified":"2020-04-15T05:36:37+00:00","breadcrumb":{"@id":"https:\/\/theautomerch.com\/de\/payment-methods\/#breadcrumb"},"inLanguage":"de","potentialAction":[{"@type":"ReadAction","target":["https:\/\/theautomerch.com\/de\/payment-methods\/"]}]},{"@type":"BreadcrumbList","@id":"https:\/\/theautomerch.com\/de\/payment-methods\/#breadcrumb","itemListElement":[{"@type":"ListItem","position":1,"name":"Startseite","item":"https:\/\/theautomerch.com\/de\/"},{"@type":"ListItem","position":2,"name":"Zahlungsarten"}]},{"@type":"WebSite","@id":"https:\/\/theautomerch.com\/de\/#website","url":"https:\/\/theautomerch.com\/de\/","name":"The Auto Merch Deutschland","description":"","publisher":{"@id":"https:\/\/theautomerch.com\/de\/#organization"},"potentialAction":[{"@type":"SearchAction","target":{"@type":"EntryPoint","urlTemplate":"https:\/\/theautomerch.com\/de\/?s={search_term_string}"},"query-input":"required name=search_term_string"}],"inLanguage":"de"},{"@type":"Organization","@id":"https:\/\/theautomerch.com\/de\/#organization","name":"The Auto Merch Deutschland","url":"https:\/\/theautomerch.com\/de\/","logo":{"@type":"ImageObject","inLanguage":"de","@id":"https:\/\/theautomerch.com\/de\/#\/schema\/logo\/image\/","url":"https:\/\/theautomerch.com\/de\/wp-content\/uploads\/2020\/05\/logo_deutschland.svg","contentUrl":"https:\/\/theautomerch.com\/de\/wp-content\/uploads\/2020\/05\/logo_deutschland.svg","width":1,"height":1,"caption":"The Auto Merch Deutschland"},"image":{"@id":"https:\/\/theautomerch.com\/de\/#\/schema\/logo\/image\/"}}]}},"_links":{"self":[{"href":"https:\/\/theautomerch.com\/de\/wp-json\/wp\/v2\/pages\/1239"}],"collection":[{"href":"https:\/\/theautomerch.com\/de\/wp-json\/wp\/v2\/pages"}],"about":[{"href":"https:\/\/theautomerch.com\/de\/wp-json\/wp\/v2\/types\/page"}],"author":[{"embeddable":true,"href":"https:\/\/theautomerch.com\/de\/wp-json\/wp\/v2\/users\/1"}],"replies":[{"embeddable":true,"href":"https:\/\/theautomerch.com\/de\/wp-json\/wp\/v2\/comments?post=1239"}],"version-history":[{"count":1,"href":"https:\/\/theautomerch.com\/de\/wp-json\/wp\/v2\/pages\/1239\/revisions"}],"predecessor-version":[{"id":1419,"href":"https:\/\/theautomerch.com\/de\/wp-json\/wp\/v2\/pages\/1239\/revisions\/1419"}],"wp:attachment":[{"href":"https:\/\/theautomerch.com\/de\/wp-json\/wp\/v2\/media?parent=1239"}],"curies":[{"name":"wp","href":"https:\/\/api.w.org\/{rel}","templated":true}]}}